{"id":2751,"date":"2026-01-28T16:39:36","date_gmt":"2026-01-28T16:39:36","guid":{"rendered":"https:\/\/dreamcanacademy.com\/producto\/el-secreto-esta-en-la-observacion\/"},"modified":"2026-01-28T16:39:57","modified_gmt":"2026-01-28T16:39:57","slug":"el-secreto-esta-en-la-observacion","status":"publish","type":"product","link":"https:\/\/dreamcanacademy.com\/en\/product\/el-secreto-esta-en-la-observacion\/","title":{"rendered":"EL SECRETO EST\u00c1 EN LA OBSERVACI\u00d3N"},"content":{"rendered":"","protected":false},"excerpt":{"rendered":"","protected":false},"featured_media":2748,"comment_status":"open","ping_status":"closed","template":"","meta":{"_uag_custom_page_level_css":"","site-sidebar-layout":"default","site-content-layout":"","ast-site-content-layout":"default","site-content-style":"default","site-sidebar-style":"default","ast-global-header-display":"","ast-banner-title-visibility":"","ast-main-header-display":"","ast-hfb-above-header-display":"","ast-hfb-below-header-display":"","ast-hfb-mobile-header-display":"","site-post-title":"","ast-breadcrumbs-content":"","ast-featured-img":"","footer-sml-layout":"","ast-disable-related-posts":"","theme-transparent-header-meta":"","adv-header-id-meta":"","stick-header-meta":"","header-above-stick-meta":"","header-main-stick-meta":"","header-below-stick-meta":"","astra-migrate-meta-layouts":"default","ast-page-background-enabled":"default","ast-page-background-meta":{"desktop":{"background-color":"var(--ast-global-color-4)","background-image":"","background-repeat":"repeat","background-position":"center center","background-size":"auto","background-attachment":"scroll","background-type":"","background-media":"","overlay-type":"","overlay-color":"","overlay-opacity":"","overlay-gradient":""},"tablet":{"background-color":"","background-image":"","background-repeat":"repeat","background-position":"center center","background-size":"auto","background-attachment":"scroll","background-type":"","background-media":"","overlay-type":"","overlay-color":"","overlay-opacity":"","overlay-gradient":""},"mobile":{"background-color":"","background-image":"","background-repeat":"repeat","background-position":"center center","background-size":"auto","background-attachment":"scroll","background-type":"","background-media":"","overlay-type":"","overlay-color":"","overlay-opacity":"","overlay-gradient":""}},"ast-content-background-meta":{"desktop":{"background-color":"var(--ast-global-color-5)","background-image":"","background-repeat":"repeat","background-position":"center center","background-size":"auto","background-attachment":"scroll","background-type":"","background-media":"","overlay-type":"","overlay-color":"","overlay-opacity":"","overlay-gradient":""},"tablet":{"background-color":"var(--ast-global-color-5)","background-image":"","background-repeat":"repeat","background-position":"center center","background-size":"auto","background-attachment":"scroll","background-type":"","background-media":"","overlay-type":"","overlay-color":"","overlay-opacity":"","overlay-gradient":""},"mobile":{"background-color":"var(--ast-global-color-5)","background-image":"","background-repeat":"repeat","background-position":"center center","background-size":"auto","background-attachment":"scroll","background-type":"","background-media":"","overlay-type":"","overlay-color":"","overlay-opacity":"","overlay-gradient":""}}},"product_brand":[],"product_cat":[15],"product_tag":[],"class_list":{"0":"post-2751","1":"product","2":"type-product","3":"status-publish","4":"has-post-thumbnail","6":"product_cat-sin-categorizar","7":"desktop-align-center","8":"tablet-align-left","9":"mobile-align-left","11":"first","12":"instock","13":"sale","14":"virtual","15":"sold-individually","16":"taxable","17":"purchasable","18":"product-type-simple"},"uagb_featured_image_src":{"full":["https:\/\/dreamcanacademy.com\/wp-content\/uploads\/2026\/01\/OBSERVACION-ES.jpg",1280,720,false],"thumbnail":["https:\/\/dreamcanacademy.com\/wp-content\/uploads\/2026\/01\/OBSERVACION-ES-150x150.jpg",150,150,true],"medium":["https:\/\/dreamcanacademy.com\/wp-content\/uploads\/2026\/01\/OBSERVACION-ES-300x169.jpg",300,169,true],"medium_large":["https:\/\/dreamcanacademy.com\/wp-content\/uploads\/2026\/01\/OBSERVACION-ES-768x432.jpg",768,432,true],"large":["https:\/\/dreamcanacademy.com\/wp-content\/uploads\/2026\/01\/OBSERVACION-ES-1024x576.jpg",1024,576,true],"1536x1536":["https:\/\/dreamcanacademy.com\/wp-content\/uploads\/2026\/01\/OBSERVACION-ES.jpg",1280,720,false],"2048x2048":["https:\/\/dreamcanacademy.com\/wp-content\/uploads\/2026\/01\/OBSERVACION-ES.jpg",1280,720,false],"trp-custom-language-flag":["https:\/\/dreamcanacademy.com\/wp-content\/uploads\/2026\/01\/OBSERVACION-ES-18x10.jpg",18,10,true],"woocommerce_thumbnail":["https:\/\/dreamcanacademy.com\/wp-content\/uploads\/2026\/01\/OBSERVACION-ES-300x169.jpg",300,169,true],"woocommerce_single":["https:\/\/dreamcanacademy.com\/wp-content\/uploads\/2026\/01\/OBSERVACION-ES-600x338.jpg",600,338,true],"woocommerce_gallery_thumbnail":["https:\/\/dreamcanacademy.com\/wp-content\/uploads\/2026\/01\/OBSERVACION-ES-100x100.jpg",100,100,true]},"uagb_author_info":{"display_name":"M\u00f2nica D\u00edaz Tr\u00edas","author_link":"https:\/\/dreamcanacademy.com\/en\/author\/"},"uagb_comment_info":0,"uagb_excerpt":null,"_links":{"self":[{"href":"https:\/\/dreamcanacademy.com\/en\/wp-json\/wp\/v2\/product\/2751","targetHints":{"allow":["GET"]}}],"collection":[{"href":"https:\/\/dreamcanacademy.com\/en\/wp-json\/wp\/v2\/product"}],"about":[{"href":"https:\/\/dreamcanacademy.com\/en\/wp-json\/wp\/v2\/types\/product"}],"replies":[{"embeddable":true,"href":"https:\/\/dreamcanacademy.com\/en\/wp-json\/wp\/v2\/comments?post=2751"}],"wp:featuredmedia":[{"embeddable":true,"href":"https:\/\/dreamcanacademy.com\/en\/wp-json\/wp\/v2\/media\/2748"}],"wp:attachment":[{"href":"https:\/\/dreamcanacademy.com\/en\/wp-json\/wp\/v2\/media?parent=2751"}],"wp:term":[{"taxonomy":"product_brand","embeddable":true,"href":"https:\/\/dreamcanacademy.com\/en\/wp-json\/wp\/v2\/product_brand?post=2751"},{"taxonomy":"product_cat","embeddable":true,"href":"https:\/\/dreamcanacademy.com\/en\/wp-json\/wp\/v2\/product_cat?post=2751"},{"taxonomy":"product_tag","embeddable":true,"href":"https:\/\/dreamcanacademy.com\/en\/wp-json\/wp\/v2\/product_tag?post=2751"}],"curies":[{"name":"wp","href":"https:\/\/api.w.org\/{rel}","templated":true}]}}