{"id":2540,"date":"2025-07-31T15:27:04","date_gmt":"2025-07-31T15:27:04","guid":{"rendered":"https:\/\/dreamcanacademy.com\/?post_type=product&#038;p=2540"},"modified":"2026-03-27T15:49:26","modified_gmt":"2026-03-27T15:49:26","slug":"mentoria-8-sesiones-espanol","status":"publish","type":"product","link":"https:\/\/dreamcanacademy.com\/en\/product\/mentoria-8-sesiones-espanol\/","title":{"rendered":"MENTORIA &#8211; 8 SESIONES (Espa\u00f1ol)"},"content":{"rendered":"<p>MENTOR\u00cdAS 8 son una serie de 8 sesiones privadas totalmente personalizadas que se realizan a trav\u00e9s de la plataforma Zoom en las que se hace un seguimiento de un grupo (o un individuo) de mantrailing para trabajar problemas que hayan surgido en la formaci\u00f3n, dudas que puedan haber surgido o simplemente para hablar de temas de inter\u00e9s espec\u00edfico para ese grupo o individuo.<\/p>\n<p>Dado que las mentor\u00edas son espacios donde se discuten temas espec\u00edficos para un grupo o individuo, el beneficio que se obtiene de ellos es mucho mayor que el que se obtiene en un webinar m\u00e1s generalista.<\/p>\n<p>Antes de hacer una mentor\u00eda, es importante explicar el objetivo de la reuni\u00f3n, as\u00ed como enviar v\u00eddeos de trail para poder comentarlos durante la reuni\u00f3n.<\/p>\n<p>Cada grupo tiene sus objetivos de trabajo y la necesidad de enfocar la progresi\u00f3n adecuada para todos sus binomios.<\/p>\n<p>Las mentor\u00edas son ideales pues se hacen totalmente a medida del grupo. Adquiriendo este pack de 8 mentor\u00edas el precio final es el m\u00e1s competitivo.<\/p>\n<p>&nbsp;<\/p>\n<p><strong>TEMAS:<\/strong><\/p>\n<p>Algunos temas que se pueden tratar en el mentoring pueden ser, por ejemplo:<\/p>\n<ul>\n<li>Qu\u00e9 hacer cuando mi perro pierde el rastro.<\/li>\n<li>C\u00f3mo entrenar con un objeto de olor contaminado.<\/li>\n<li>A mi perro le falta motivaci\u00f3n.<\/li>\n<li>Creo que mi perro no ha entendido el juego.<\/li>\n<li>C\u00f3mo conseguir que mi perro no tire tanto.<\/li>\n<li>Qu\u00e9 significa influir en el perro y c\u00f3mo podemos evitarlo.<\/li>\n<li>Visionado de videos. Comentar videos en los que haya dudas, problemas, etc\u2026<\/li>\n<\/ul>\n<p>Y muchos m\u00e1s.<\/p>","protected":false},"excerpt":{"rendered":"<p>MENTOR\u00cdAS 8 son una serie de 8 sesiones privadas totalmente personalizadas que se realizan a trav\u00e9s de la plataforma Zoom en las que se hace un seguimiento de un grupo (o un individuo) de mantrailing para trabajar problemas que hayan surgido en la formaci\u00f3n, dudas que puedan haber surgido o simplemente para hablar de temas [&hellip;]<\/p>\n","protected":false},"featured_media":1874,"comment_status":"open","ping_status":"closed","template":"","meta":{"_uag_custom_page_level_css":"","site-sidebar-layout":"default","site-content-layout":"","ast-site-content-layout":"default","site-content-style":"default","site-sidebar-style":"default","ast-global-header-display":"","ast-banner-title-visibility":"","ast-main-header-display":"","ast-hfb-above-header-display":"","ast-hfb-below-header-display":"","ast-hfb-mobile-header-display":"","site-post-title":"","ast-breadcrumbs-content":"","ast-featured-img":"","footer-sml-layout":"","ast-disable-related-posts":"","theme-transparent-header-meta":"default","adv-header-id-meta":"","stick-header-meta":"","header-above-stick-meta":"","header-main-stick-meta":"","header-below-stick-meta":"","astra-migrate-meta-layouts":"set","ast-page-background-enabled":"default","ast-page-background-meta":{"desktop":{"background-color":"var(--ast-global-color-4)","background-image":"","background-repeat":"repeat","background-position":"center center","background-size":"auto","background-attachment":"scroll","background-type":"","background-media":"","overlay-type":"","overlay-color":"","overlay-opacity":"","overlay-gradient":""},"tablet":{"background-color":"","background-image":"","background-repeat":"repeat","background-position":"center center","background-size":"auto","background-attachment":"scroll","background-type":"","background-media":"","overlay-type":"","overlay-color":"","overlay-opacity":"","overlay-gradient":""},"mobile":{"background-color":"","background-image":"","background-repeat":"repeat","background-position":"center center","background-size":"auto","background-attachment":"scroll","background-type":"","background-media":"","overlay-type":"","overlay-color":"","overlay-opacity":"","overlay-gradient":""}},"ast-content-background-meta":{"desktop":{"background-color":"var(--ast-global-color-5)","background-image":"","background-repeat":"repeat","background-position":"center center","background-size":"auto","background-attachment":"scroll","background-type":"","background-media":"","overlay-type":"","overlay-color":"","overlay-opacity":"","overlay-gradient":""},"tablet":{"background-color":"var(--ast-global-color-5)","background-image":"","background-repeat":"repeat","background-position":"center center","background-size":"auto","background-attachment":"scroll","background-type":"","background-media":"","overlay-type":"","overlay-color":"","overlay-opacity":"","overlay-gradient":""},"mobile":{"background-color":"var(--ast-global-color-5)","background-image":"","background-repeat":"repeat","background-position":"center center","background-size":"auto","background-attachment":"scroll","background-type":"","background-media":"","overlay-type":"","overlay-color":"","overlay-opacity":"","overlay-gradient":""}}},"product_brand":[],"product_cat":[57],"product_tag":[],"class_list":{"0":"post-2540","1":"product","2":"type-product","3":"status-publish","4":"has-post-thumbnail","6":"product_cat-mentoria","7":"desktop-align-center","8":"tablet-align-left","9":"mobile-align-left","11":"first","12":"instock","13":"virtual","14":"taxable","15":"purchasable","16":"product-type-simple"},"uagb_featured_image_src":{"full":["https:\/\/dreamcanacademy.com\/wp-content\/uploads\/2025\/02\/MENTORIA-8.jpg",1265,697,false],"thumbnail":["https:\/\/dreamcanacademy.com\/wp-content\/uploads\/2025\/02\/MENTORIA-8-150x150.jpg",150,150,true],"medium":["https:\/\/dreamcanacademy.com\/wp-content\/uploads\/2025\/02\/MENTORIA-8-300x165.jpg",300,165,true],"medium_large":["https:\/\/dreamcanacademy.com\/wp-content\/uploads\/2025\/02\/MENTORIA-8-768x423.jpg",768,423,true],"large":["https:\/\/dreamcanacademy.com\/wp-content\/uploads\/2025\/02\/MENTORIA-8-1024x564.jpg",1024,564,true],"1536x1536":["https:\/\/dreamcanacademy.com\/wp-content\/uploads\/2025\/02\/MENTORIA-8.jpg",1265,697,false],"2048x2048":["https:\/\/dreamcanacademy.com\/wp-content\/uploads\/2025\/02\/MENTORIA-8.jpg",1265,697,false],"trp-custom-language-flag":["https:\/\/dreamcanacademy.com\/wp-content\/uploads\/2025\/02\/MENTORIA-8-18x10.jpg",18,10,true],"woocommerce_thumbnail":["https:\/\/dreamcanacademy.com\/wp-content\/uploads\/2025\/02\/MENTORIA-8-300x165.jpg",300,165,true],"woocommerce_single":["https:\/\/dreamcanacademy.com\/wp-content\/uploads\/2025\/02\/MENTORIA-8-600x331.jpg",600,331,true],"woocommerce_gallery_thumbnail":["https:\/\/dreamcanacademy.com\/wp-content\/uploads\/2025\/02\/MENTORIA-8-100x100.jpg",100,100,true]},"uagb_author_info":{"display_name":"M\u00f2nica D\u00edaz Tr\u00edas","author_link":"https:\/\/dreamcanacademy.com\/en\/author\/"},"uagb_comment_info":0,"uagb_excerpt":"MENTOR\u00cdAS 8 son una serie de 8 sesiones privadas totalmente personalizadas que se realizan a trav\u00e9s de la plataforma Zoom en las que se hace un seguimiento de un grupo (o un individuo) de mantrailing para trabajar problemas que hayan surgido en la formaci\u00f3n, dudas que puedan haber surgido o simplemente para hablar de temas&hellip;","_links":{"self":[{"href":"https:\/\/dreamcanacademy.com\/en\/wp-json\/wp\/v2\/product\/2540","targetHints":{"allow":["GET"]}}],"collection":[{"href":"https:\/\/dreamcanacademy.com\/en\/wp-json\/wp\/v2\/product"}],"about":[{"href":"https:\/\/dreamcanacademy.com\/en\/wp-json\/wp\/v2\/types\/product"}],"replies":[{"embeddable":true,"href":"https:\/\/dreamcanacademy.com\/en\/wp-json\/wp\/v2\/comments?post=2540"}],"wp:featuredmedia":[{"embeddable":true,"href":"https:\/\/dreamcanacademy.com\/en\/wp-json\/wp\/v2\/media\/1874"}],"wp:attachment":[{"href":"https:\/\/dreamcanacademy.com\/en\/wp-json\/wp\/v2\/media?parent=2540"}],"wp:term":[{"taxonomy":"product_brand","embeddable":true,"href":"https:\/\/dreamcanacademy.com\/en\/wp-json\/wp\/v2\/product_brand?post=2540"},{"taxonomy":"product_cat","embeddable":true,"href":"https:\/\/dreamcanacademy.com\/en\/wp-json\/wp\/v2\/product_cat?post=2540"},{"taxonomy":"product_tag","embeddable":true,"href":"https:\/\/dreamcanacademy.com\/en\/wp-json\/wp\/v2\/product_tag?post=2540"}],"curies":[{"name":"wp","href":"https:\/\/api.w.org\/{rel}","templated":true}]}}