{"id":2530,"date":"2025-07-30T17:22:59","date_gmt":"2025-07-30T17:22:59","guid":{"rendered":"https:\/\/dreamcanacademy.com\/?post_type=product&#038;p=2530"},"modified":"2025-08-03T08:20:54","modified_gmt":"2025-08-03T08:20:54","slug":"glosario-de-terminologia-metodo-kocher-en-es","status":"publish","type":"product","link":"https:\/\/dreamcanacademy.com\/en\/product\/glosario-de-terminologia-metodo-kocher-en-es\/","title":{"rendered":"GLOSARIO DE TERMINOLOG\u00cdA (M\u00c9TODO KOCHER) EN-ES"},"content":{"rendered":"<p>Todas las metodolog\u00edas tienen su lenguaje propio y el M\u00e9todo Kocher de Mantrailing no pod\u00eda ser menos.<\/p>\n<p>Aqu\u00ed ten\u00e9is un peque\u00f1o PDF con las principales palabras claves del M\u00e9todo Kocher de mantrailing en ingl\u00e9s (Lenguaje en el que fu\u00e9 escrito originalmente el libro de este m\u00e9todo), su traducci\u00f3n al espa\u00f1ol y la explicaci\u00f3n en espa\u00f1ol del significado de cada t\u00e9rmino o expresi\u00f3n.<\/p>","protected":false},"excerpt":{"rendered":"<p>Todas las metodolog\u00edas tienen su lenguaje propio y el M\u00e9todo Kocher de Mantrailing no pod\u00eda ser menos. Aqu\u00ed ten\u00e9is un peque\u00f1o PDF con las principales palabras claves del M\u00e9todo Kocher de mantrailing en ingl\u00e9s (Lenguaje en el que fu\u00e9 escrito originalmente el libro de este m\u00e9todo), su traducci\u00f3n al espa\u00f1ol y la explicaci\u00f3n en espa\u00f1ol [&hellip;]<\/p>\n","protected":false},"featured_media":2531,"comment_status":"open","ping_status":"closed","template":"","meta":{"_uag_custom_page_level_css":"","site-sidebar-layout":"default","site-content-layout":"","ast-site-content-layout":"default","site-content-style":"default","site-sidebar-style":"default","ast-global-header-display":"","ast-banner-title-visibility":"","ast-main-header-display":"","ast-hfb-above-header-display":"","ast-hfb-below-header-display":"","ast-hfb-mobile-header-display":"","site-post-title":"","ast-breadcrumbs-content":"","ast-featured-img":"","footer-sml-layout":"","ast-disable-related-posts":"","theme-transparent-header-meta":"default","adv-header-id-meta":"","stick-header-meta":"","header-above-stick-meta":"","header-main-stick-meta":"","header-below-stick-meta":"","astra-migrate-meta-layouts":"set","ast-page-background-enabled":"default","ast-page-background-meta":{"desktop":{"background-color":"var(--ast-global-color-4)","background-image":"","background-repeat":"repeat","background-position":"center center","background-size":"auto","background-attachment":"scroll","background-type":"","background-media":"","overlay-type":"","overlay-color":"","overlay-opacity":"","overlay-gradient":""},"tablet":{"background-color":"","background-image":"","background-repeat":"repeat","background-position":"center center","background-size":"auto","background-attachment":"scroll","background-type":"","background-media":"","overlay-type":"","overlay-color":"","overlay-opacity":"","overlay-gradient":""},"mobile":{"background-color":"","background-image":"","background-repeat":"repeat","background-position":"center center","background-size":"auto","background-attachment":"scroll","background-type":"","background-media":"","overlay-type":"","overlay-color":"","overlay-opacity":"","overlay-gradient":""}},"ast-content-background-meta":{"desktop":{"background-color":"var(--ast-global-color-5)","background-image":"","background-repeat":"repeat","background-position":"center center","background-size":"auto","background-attachment":"scroll","background-type":"","background-media":"","overlay-type":"","overlay-color":"","overlay-opacity":"","overlay-gradient":""},"tablet":{"background-color":"var(--ast-global-color-5)","background-image":"","background-repeat":"repeat","background-position":"center center","background-size":"auto","background-attachment":"scroll","background-type":"","background-media":"","overlay-type":"","overlay-color":"","overlay-opacity":"","overlay-gradient":""},"mobile":{"background-color":"var(--ast-global-color-5)","background-image":"","background-repeat":"repeat","background-position":"center center","background-size":"auto","background-attachment":"scroll","background-type":"","background-media":"","overlay-type":"","overlay-color":"","overlay-opacity":"","overlay-gradient":""}}},"product_brand":[],"product_cat":[54,52],"product_tag":[],"class_list":{"0":"post-2530","1":"product","2":"type-product","3":"status-publish","4":"has-post-thumbnail","6":"product_cat-gratuito","7":"product_cat-libros","8":"desktop-align-center","9":"tablet-align-left","10":"mobile-align-left","12":"first","13":"instock","14":"downloadable","15":"virtual","16":"taxable","17":"purchasable","18":"product-type-simple"},"uagb_featured_image_src":{"full":["https:\/\/dreamcanacademy.com\/wp-content\/uploads\/2025\/07\/GLOSARIO.jpg",1280,720,false],"thumbnail":["https:\/\/dreamcanacademy.com\/wp-content\/uploads\/2025\/07\/GLOSARIO-150x150.jpg",150,150,true],"medium":["https:\/\/dreamcanacademy.com\/wp-content\/uploads\/2025\/07\/GLOSARIO-300x169.jpg",300,169,true],"medium_large":["https:\/\/dreamcanacademy.com\/wp-content\/uploads\/2025\/07\/GLOSARIO-768x432.jpg",768,432,true],"large":["https:\/\/dreamcanacademy.com\/wp-content\/uploads\/2025\/07\/GLOSARIO-1024x576.jpg",1024,576,true],"1536x1536":["https:\/\/dreamcanacademy.com\/wp-content\/uploads\/2025\/07\/GLOSARIO.jpg",1280,720,false],"2048x2048":["https:\/\/dreamcanacademy.com\/wp-content\/uploads\/2025\/07\/GLOSARIO.jpg",1280,720,false],"trp-custom-language-flag":["https:\/\/dreamcanacademy.com\/wp-content\/uploads\/2025\/07\/GLOSARIO-18x10.jpg",18,10,true],"woocommerce_thumbnail":["https:\/\/dreamcanacademy.com\/wp-content\/uploads\/2025\/07\/GLOSARIO-300x169.jpg",300,169,true],"woocommerce_single":["https:\/\/dreamcanacademy.com\/wp-content\/uploads\/2025\/07\/GLOSARIO-600x338.jpg",600,338,true],"woocommerce_gallery_thumbnail":["https:\/\/dreamcanacademy.com\/wp-content\/uploads\/2025\/07\/GLOSARIO-100x100.jpg",100,100,true]},"uagb_author_info":{"display_name":"M\u00f2nica D\u00edaz Tr\u00edas","author_link":"https:\/\/dreamcanacademy.com\/en\/author\/"},"uagb_comment_info":0,"uagb_excerpt":"Todas las metodolog\u00edas tienen su lenguaje propio y el M\u00e9todo Kocher de Mantrailing no pod\u00eda ser menos. Aqu\u00ed ten\u00e9is un peque\u00f1o PDF con las principales palabras claves del M\u00e9todo Kocher de mantrailing en ingl\u00e9s (Lenguaje en el que fu\u00e9 escrito originalmente el libro de este m\u00e9todo), su traducci\u00f3n al espa\u00f1ol y la explicaci\u00f3n en espa\u00f1ol&hellip;","_links":{"self":[{"href":"https:\/\/dreamcanacademy.com\/en\/wp-json\/wp\/v2\/product\/2530","targetHints":{"allow":["GET"]}}],"collection":[{"href":"https:\/\/dreamcanacademy.com\/en\/wp-json\/wp\/v2\/product"}],"about":[{"href":"https:\/\/dreamcanacademy.com\/en\/wp-json\/wp\/v2\/types\/product"}],"replies":[{"embeddable":true,"href":"https:\/\/dreamcanacademy.com\/en\/wp-json\/wp\/v2\/comments?post=2530"}],"wp:featuredmedia":[{"embeddable":true,"href":"https:\/\/dreamcanacademy.com\/en\/wp-json\/wp\/v2\/media\/2531"}],"wp:attachment":[{"href":"https:\/\/dreamcanacademy.com\/en\/wp-json\/wp\/v2\/media?parent=2530"}],"wp:term":[{"taxonomy":"product_brand","embeddable":true,"href":"https:\/\/dreamcanacademy.com\/en\/wp-json\/wp\/v2\/product_brand?post=2530"},{"taxonomy":"product_cat","embeddable":true,"href":"https:\/\/dreamcanacademy.com\/en\/wp-json\/wp\/v2\/product_cat?post=2530"},{"taxonomy":"product_tag","embeddable":true,"href":"https:\/\/dreamcanacademy.com\/en\/wp-json\/wp\/v2\/product_tag?post=2530"}],"curies":[{"name":"wp","href":"https:\/\/api.w.org\/{rel}","templated":true}]}}