{"id":2473,"date":"2025-05-29T08:19:55","date_gmt":"2025-05-29T08:19:55","guid":{"rendered":"https:\/\/dreamcanacademy.com\/?post_type=product&#038;p=2473"},"modified":"2025-05-29T08:20:42","modified_gmt":"2025-05-29T08:20:42","slug":"leyendo-al-perro-las-indicaciones-negativas-y-mucho-mas","status":"publish","type":"product","link":"https:\/\/dreamcanacademy.com\/en\/product\/leyendo-al-perro-las-indicaciones-negativas-y-mucho-mas\/","title":{"rendered":"LEYENDO AL PERRO: LAS INDICACIONES NEGATIVAS Y MUCHO M\u00c1S."},"content":{"rendered":"<p>En este webinar gratuito hablamos con Ernest Capdevila, bombero de la Generalitat de Catalunya e instructor y evaluador de mantrailing por DREAMCAN y el INBTI (InterNational Bloodhound Training Institute) Ernest entrena con DREAMCAN, siguiendo el M\u00e9todo Kocher.<\/p>","protected":false},"excerpt":{"rendered":"<p>En este webinar gratuito hablamos con Ernest Capdevila, bombero de la Generalitat de Catalunya e instructor y evaluador de mantrailing por DREAMCAN y el INBTI (InterNational Bloodhound Training Institute) Ernest entrena con DREAMCAN, siguiendo el M\u00e9todo Kocher.<\/p>","protected":false},"featured_media":2475,"comment_status":"open","ping_status":"closed","template":"","meta":{"_uag_custom_page_level_css":"","site-sidebar-layout":"default","site-content-layout":"","ast-site-content-layout":"default","site-content-style":"default","site-sidebar-style":"default","ast-global-header-display":"","ast-banner-title-visibility":"","ast-main-header-display":"","ast-hfb-above-header-display":"","ast-hfb-below-header-display":"","ast-hfb-mobile-header-display":"","site-post-title":"","ast-breadcrumbs-content":"","ast-featured-img":"","footer-sml-layout":"","ast-disable-related-posts":"","theme-transparent-header-meta":"default","adv-header-id-meta":"","stick-header-meta":"","header-above-stick-meta":"","header-main-stick-meta":"","header-below-stick-meta":"","astra-migrate-meta-layouts":"set","ast-page-background-enabled":"default","ast-page-background-meta":{"desktop":{"background-color":"var(--ast-global-color-4)","background-image":"","background-repeat":"repeat","background-position":"center center","background-size":"auto","background-attachment":"scroll","background-type":"","background-media":"","overlay-type":"","overlay-color":"","overlay-opacity":"","overlay-gradient":""},"tablet":{"background-color":"","background-image":"","background-repeat":"repeat","background-position":"center center","background-size":"auto","background-attachment":"scroll","background-type":"","background-media":"","overlay-type":"","overlay-color":"","overlay-opacity":"","overlay-gradient":""},"mobile":{"background-color":"","background-image":"","background-repeat":"repeat","background-position":"center center","background-size":"auto","background-attachment":"scroll","background-type":"","background-media":"","overlay-type":"","overlay-color":"","overlay-opacity":"","overlay-gradient":""}},"ast-content-background-meta":{"desktop":{"background-color":"var(--ast-global-color-5)","background-image":"","background-repeat":"repeat","background-position":"center center","background-size":"auto","background-attachment":"scroll","background-type":"","background-media":"","overlay-type":"","overlay-color":"","overlay-opacity":"","overlay-gradient":""},"tablet":{"background-color":"var(--ast-global-color-5)","background-image":"","background-repeat":"repeat","background-position":"center center","background-size":"auto","background-attachment":"scroll","background-type":"","background-media":"","overlay-type":"","overlay-color":"","overlay-opacity":"","overlay-gradient":""},"mobile":{"background-color":"var(--ast-global-color-5)","background-image":"","background-repeat":"repeat","background-position":"center center","background-size":"auto","background-attachment":"scroll","background-type":"","background-media":"","overlay-type":"","overlay-color":"","overlay-opacity":"","overlay-gradient":""}}},"product_brand":[],"product_cat":[54,15,39],"product_tag":[],"class_list":{"0":"post-2473","1":"product","2":"type-product","3":"status-publish","4":"has-post-thumbnail","6":"product_cat-gratuito","7":"product_cat-sin-categorizar","8":"product_cat-webinar","9":"desktop-align-center","10":"tablet-align-left","11":"mobile-align-left","13":"first","14":"instock","15":"virtual","16":"taxable","17":"purchasable","18":"product-type-simple"},"uagb_featured_image_src":{"full":["https:\/\/dreamcanacademy.com\/wp-content\/uploads\/2025\/05\/LEER.jpg",1280,720,false],"thumbnail":["https:\/\/dreamcanacademy.com\/wp-content\/uploads\/2025\/05\/LEER-150x150.jpg",150,150,true],"medium":["https:\/\/dreamcanacademy.com\/wp-content\/uploads\/2025\/05\/LEER-300x169.jpg",300,169,true],"medium_large":["https:\/\/dreamcanacademy.com\/wp-content\/uploads\/2025\/05\/LEER-768x432.jpg",768,432,true],"large":["https:\/\/dreamcanacademy.com\/wp-content\/uploads\/2025\/05\/LEER-1024x576.jpg",1024,576,true],"1536x1536":["https:\/\/dreamcanacademy.com\/wp-content\/uploads\/2025\/05\/LEER.jpg",1280,720,false],"2048x2048":["https:\/\/dreamcanacademy.com\/wp-content\/uploads\/2025\/05\/LEER.jpg",1280,720,false],"trp-custom-language-flag":["https:\/\/dreamcanacademy.com\/wp-content\/uploads\/2025\/05\/LEER-18x10.jpg",18,10,true],"woocommerce_thumbnail":["https:\/\/dreamcanacademy.com\/wp-content\/uploads\/2025\/05\/LEER-300x169.jpg",300,169,true],"woocommerce_single":["https:\/\/dreamcanacademy.com\/wp-content\/uploads\/2025\/05\/LEER-600x338.jpg",600,338,true],"woocommerce_gallery_thumbnail":["https:\/\/dreamcanacademy.com\/wp-content\/uploads\/2025\/05\/LEER-100x100.jpg",100,100,true]},"uagb_author_info":{"display_name":"M\u00f2nica D\u00edaz Tr\u00edas","author_link":"https:\/\/dreamcanacademy.com\/en\/author\/"},"uagb_comment_info":0,"uagb_excerpt":"En este webinar gratuito hablamos con Ernest Capdevila, bombero de la Generalitat de Catalunya e instructor y evaluador de mantrailing por DREAMCAN y el INBTI (InterNational Bloodhound Training Institute) Ernest entrena con DREAMCAN, siguiendo el M\u00e9todo Kocher.","_links":{"self":[{"href":"https:\/\/dreamcanacademy.com\/en\/wp-json\/wp\/v2\/product\/2473","targetHints":{"allow":["GET"]}}],"collection":[{"href":"https:\/\/dreamcanacademy.com\/en\/wp-json\/wp\/v2\/product"}],"about":[{"href":"https:\/\/dreamcanacademy.com\/en\/wp-json\/wp\/v2\/types\/product"}],"replies":[{"embeddable":true,"href":"https:\/\/dreamcanacademy.com\/en\/wp-json\/wp\/v2\/comments?post=2473"}],"wp:featuredmedia":[{"embeddable":true,"href":"https:\/\/dreamcanacademy.com\/en\/wp-json\/wp\/v2\/media\/2475"}],"wp:attachment":[{"href":"https:\/\/dreamcanacademy.com\/en\/wp-json\/wp\/v2\/media?parent=2473"}],"wp:term":[{"taxonomy":"product_brand","embeddable":true,"href":"https:\/\/dreamcanacademy.com\/en\/wp-json\/wp\/v2\/product_brand?post=2473"},{"taxonomy":"product_cat","embeddable":true,"href":"https:\/\/dreamcanacademy.com\/en\/wp-json\/wp\/v2\/product_cat?post=2473"},{"taxonomy":"product_tag","embeddable":true,"href":"https:\/\/dreamcanacademy.com\/en\/wp-json\/wp\/v2\/product_tag?post=2473"}],"curies":[{"name":"wp","href":"https:\/\/api.w.org\/{rel}","templated":true}]}}