{"id":2431,"date":"2025-04-24T08:30:41","date_gmt":"2025-04-24T08:30:41","guid":{"rendered":"https:\/\/dreamcanacademy.com\/?post_type=product&#038;p=2431"},"modified":"2026-03-03T10:35:09","modified_gmt":"2026-03-03T10:35:09","slug":"mantrailing-e-book-in-english","status":"publish","type":"product","link":"https:\/\/dreamcanacademy.com\/en\/product\/mantrailing-e-book-in-english\/","title":{"rendered":"MANTRAILING E-BOOK (In English)"},"content":{"rendered":"<p>Little FREE e-book with some information about mantrailing. If you have heard about mantrailing but don&#8217;t know what is it about in this ebook you will find a brief explanation and a glimpse of the principles of The Kocher Method.<\/p>\n<p>ENGLISH VERSION<\/p>","protected":false},"excerpt":{"rendered":"<p>Little FREE e-book with some information about mantrailing. If you have heard about mantrailing but don&#8217;t know what is it about in this ebook you will find a brief explanation and a glimpse of the principles of The Kocher Method. ENGLISH VERSION<\/p>","protected":false},"featured_media":2432,"comment_status":"open","ping_status":"closed","template":"","meta":{"_uag_custom_page_level_css":"","site-sidebar-layout":"default","site-content-layout":"","ast-site-content-layout":"default","site-content-style":"default","site-sidebar-style":"default","ast-global-header-display":"","ast-banner-title-visibility":"","ast-main-header-display":"","ast-hfb-above-header-display":"","ast-hfb-below-header-display":"","ast-hfb-mobile-header-display":"","site-post-title":"","ast-breadcrumbs-content":"","ast-featured-img":"","footer-sml-layout":"","ast-disable-related-posts":"","theme-transparent-header-meta":"default","adv-header-id-meta":"","stick-header-meta":"","header-above-stick-meta":"","header-main-stick-meta":"","header-below-stick-meta":"","astra-migrate-meta-layouts":"set","ast-page-background-enabled":"default","ast-page-background-meta":{"desktop":{"background-color":"var(--ast-global-color-4)","background-image":"","background-repeat":"repeat","background-position":"center center","background-size":"auto","background-attachment":"scroll","background-type":"","background-media":"","overlay-type":"","overlay-color":"","overlay-opacity":"","overlay-gradient":""},"tablet":{"background-color":"","background-image":"","background-repeat":"repeat","background-position":"center center","background-size":"auto","background-attachment":"scroll","background-type":"","background-media":"","overlay-type":"","overlay-color":"","overlay-opacity":"","overlay-gradient":""},"mobile":{"background-color":"","background-image":"","background-repeat":"repeat","background-position":"center center","background-size":"auto","background-attachment":"scroll","background-type":"","background-media":"","overlay-type":"","overlay-color":"","overlay-opacity":"","overlay-gradient":""}},"ast-content-background-meta":{"desktop":{"background-color":"var(--ast-global-color-5)","background-image":"","background-repeat":"repeat","background-position":"center center","background-size":"auto","background-attachment":"scroll","background-type":"","background-media":"","overlay-type":"","overlay-color":"","overlay-opacity":"","overlay-gradient":""},"tablet":{"background-color":"var(--ast-global-color-5)","background-image":"","background-repeat":"repeat","background-position":"center center","background-size":"auto","background-attachment":"scroll","background-type":"","background-media":"","overlay-type":"","overlay-color":"","overlay-opacity":"","overlay-gradient":""},"mobile":{"background-color":"var(--ast-global-color-5)","background-image":"","background-repeat":"repeat","background-position":"center center","background-size":"auto","background-attachment":"scroll","background-type":"","background-media":"","overlay-type":"","overlay-color":"","overlay-opacity":"","overlay-gradient":""}}},"product_brand":[],"product_cat":[54,52],"product_tag":[42],"class_list":{"0":"post-2431","1":"product","2":"type-product","3":"status-publish","4":"has-post-thumbnail","6":"product_cat-gratuito","7":"product_cat-libros","8":"product_tag-e-book","9":"desktop-align-center","10":"tablet-align-left","11":"mobile-align-left","13":"first","14":"instock","15":"downloadable","16":"taxable","17":"shipping-taxable","18":"purchasable","19":"product-type-simple"},"uagb_featured_image_src":{"full":["https:\/\/dreamcanacademy.com\/wp-content\/uploads\/2025\/04\/EBOOK-ENG.jpg",1280,720,false],"thumbnail":["https:\/\/dreamcanacademy.com\/wp-content\/uploads\/2025\/04\/EBOOK-ENG-150x150.jpg",150,150,true],"medium":["https:\/\/dreamcanacademy.com\/wp-content\/uploads\/2025\/04\/EBOOK-ENG-300x169.jpg",300,169,true],"medium_large":["https:\/\/dreamcanacademy.com\/wp-content\/uploads\/2025\/04\/EBOOK-ENG-768x432.jpg",768,432,true],"large":["https:\/\/dreamcanacademy.com\/wp-content\/uploads\/2025\/04\/EBOOK-ENG-1024x576.jpg",1024,576,true],"1536x1536":["https:\/\/dreamcanacademy.com\/wp-content\/uploads\/2025\/04\/EBOOK-ENG.jpg",1280,720,false],"2048x2048":["https:\/\/dreamcanacademy.com\/wp-content\/uploads\/2025\/04\/EBOOK-ENG.jpg",1280,720,false],"trp-custom-language-flag":["https:\/\/dreamcanacademy.com\/wp-content\/uploads\/2025\/04\/EBOOK-ENG-18x10.jpg",18,10,true],"woocommerce_thumbnail":["https:\/\/dreamcanacademy.com\/wp-content\/uploads\/2025\/04\/EBOOK-ENG-300x169.jpg",300,169,true],"woocommerce_single":["https:\/\/dreamcanacademy.com\/wp-content\/uploads\/2025\/04\/EBOOK-ENG-600x338.jpg",600,338,true],"woocommerce_gallery_thumbnail":["https:\/\/dreamcanacademy.com\/wp-content\/uploads\/2025\/04\/EBOOK-ENG-100x100.jpg",100,100,true]},"uagb_author_info":{"display_name":"M\u00f2nica D\u00edaz Tr\u00edas","author_link":"https:\/\/dreamcanacademy.com\/en\/author\/"},"uagb_comment_info":0,"uagb_excerpt":"Little FREE e-book with some information about mantrailing. If you have heard about mantrailing but don&#8217;t know what is it about in this ebook you will find a brief explanation and a glimpse of the principles of The Kocher Method. ENGLISH VERSION","_links":{"self":[{"href":"https:\/\/dreamcanacademy.com\/en\/wp-json\/wp\/v2\/product\/2431","targetHints":{"allow":["GET"]}}],"collection":[{"href":"https:\/\/dreamcanacademy.com\/en\/wp-json\/wp\/v2\/product"}],"about":[{"href":"https:\/\/dreamcanacademy.com\/en\/wp-json\/wp\/v2\/types\/product"}],"replies":[{"embeddable":true,"href":"https:\/\/dreamcanacademy.com\/en\/wp-json\/wp\/v2\/comments?post=2431"}],"wp:featuredmedia":[{"embeddable":true,"href":"https:\/\/dreamcanacademy.com\/en\/wp-json\/wp\/v2\/media\/2432"}],"wp:attachment":[{"href":"https:\/\/dreamcanacademy.com\/en\/wp-json\/wp\/v2\/media?parent=2431"}],"wp:term":[{"taxonomy":"product_brand","embeddable":true,"href":"https:\/\/dreamcanacademy.com\/en\/wp-json\/wp\/v2\/product_brand?post=2431"},{"taxonomy":"product_cat","embeddable":true,"href":"https:\/\/dreamcanacademy.com\/en\/wp-json\/wp\/v2\/product_cat?post=2431"},{"taxonomy":"product_tag","embeddable":true,"href":"https:\/\/dreamcanacademy.com\/en\/wp-json\/wp\/v2\/product_tag?post=2431"}],"curies":[{"name":"wp","href":"https:\/\/api.w.org\/{rel}","templated":true}]}}