{"id":2196,"date":"2025-02-18T18:23:26","date_gmt":"2025-02-18T18:23:26","guid":{"rendered":"https:\/\/dreamcanacademy.com\/producto\/asesoria-personalizada\/"},"modified":"2026-04-01T13:53:55","modified_gmt":"2026-04-01T13:53:55","slug":"asesoria-personalizada","status":"publish","type":"product","link":"https:\/\/dreamcanacademy.com\/en\/product\/asesoria-personalizada\/","title":{"rendered":"ASESOR\u00cdA 121 PERSONALIZADA"},"content":{"rendered":"<p>Asesor\u00edas individuales puntuales. La manera m\u00e1s eficaz de resolver las dudas concretas que puede tener una persona o grupo de personas, incluyendo la revisi\u00f3n y an\u00e1lisis de v\u00eddeos (enviados con antelaci\u00f3n).<\/p>\n<p>Una hora de dedicaci\u00f3n exclusiva para resolver vuestras dudas y ayudaros en vuestra progresi\u00f3n.<\/p>\n<p>Estas asesor\u00edas cubren cualquier necesidad: hablaremos de las dudas que tengas, mostrando v\u00eddeos o usando otros soportes. Tambi\u00e9n se puede llevar a cabo el visionado y an\u00e1lisis de v\u00eddeos de trails en los que hayan surgido dudas y\/o problemas.<\/p>\n<p>La duraci\u00f3n de las mismas es de 1 hora aproximadamente.<\/p>","protected":false},"excerpt":{"rendered":"<p>Asesor\u00edas individuales puntuales. La manera m\u00e1s eficaz de resolver las dudas concretas que puede tener una persona o grupo de personas, incluyendo la revisi\u00f3n y an\u00e1lisis de v\u00eddeos (enviados con antelaci\u00f3n).<\/p>","protected":false},"featured_media":1870,"comment_status":"open","ping_status":"closed","template":"","meta":{"_uag_custom_page_level_css":"","site-sidebar-layout":"default","site-content-layout":"","ast-site-content-layout":"default","site-content-style":"default","site-sidebar-style":"default","ast-global-header-display":"","ast-banner-title-visibility":"","ast-main-header-display":"","ast-hfb-above-header-display":"","ast-hfb-below-header-display":"","ast-hfb-mobile-header-display":"","site-post-title":"","ast-breadcrumbs-content":"","ast-featured-img":"","footer-sml-layout":"","ast-disable-related-posts":"","theme-transparent-header-meta":"default","adv-header-id-meta":"","stick-header-meta":"","header-above-stick-meta":"","header-main-stick-meta":"","header-below-stick-meta":"","astra-migrate-meta-layouts":"set","ast-page-background-enabled":"default","ast-page-background-meta":{"desktop":{"background-color":"var(--ast-global-color-4)","background-image":"","background-repeat":"repeat","background-position":"center center","background-size":"auto","background-attachment":"scroll","background-type":"","background-media":"","overlay-type":"","overlay-color":"","overlay-opacity":"","overlay-gradient":""},"tablet":{"background-color":"","background-image":"","background-repeat":"repeat","background-position":"center center","background-size":"auto","background-attachment":"scroll","background-type":"","background-media":"","overlay-type":"","overlay-color":"","overlay-opacity":"","overlay-gradient":""},"mobile":{"background-color":"","background-image":"","background-repeat":"repeat","background-position":"center center","background-size":"auto","background-attachment":"scroll","background-type":"","background-media":"","overlay-type":"","overlay-color":"","overlay-opacity":"","overlay-gradient":""}},"ast-content-background-meta":{"desktop":{"background-color":"var(--ast-global-color-5)","background-image":"","background-repeat":"repeat","background-position":"center center","background-size":"auto","background-attachment":"scroll","background-type":"","background-media":"","overlay-type":"","overlay-color":"","overlay-opacity":"","overlay-gradient":""},"tablet":{"background-color":"var(--ast-global-color-5)","background-image":"","background-repeat":"repeat","background-position":"center center","background-size":"auto","background-attachment":"scroll","background-type":"","background-media":"","overlay-type":"","overlay-color":"","overlay-opacity":"","overlay-gradient":""},"mobile":{"background-color":"var(--ast-global-color-5)","background-image":"","background-repeat":"repeat","background-position":"center center","background-size":"auto","background-attachment":"scroll","background-type":"","background-media":"","overlay-type":"","overlay-color":"","overlay-opacity":"","overlay-gradient":""}}},"product_brand":[],"product_cat":[51],"product_tag":[],"class_list":{"0":"post-2196","1":"product","2":"type-product","3":"status-publish","4":"has-post-thumbnail","6":"product_cat-asesorias","7":"desktop-align-center","8":"tablet-align-left","9":"mobile-align-left","11":"first","12":"instock","13":"virtual","14":"sold-individually","15":"taxable","16":"purchasable","17":"product-type-simple"},"uagb_featured_image_src":{"full":["https:\/\/dreamcanacademy.com\/wp-content\/uploads\/2025\/02\/ASESORIA-1.jpg",1256,684,false],"thumbnail":["https:\/\/dreamcanacademy.com\/wp-content\/uploads\/2025\/02\/ASESORIA-1-150x150.jpg",150,150,true],"medium":["https:\/\/dreamcanacademy.com\/wp-content\/uploads\/2025\/02\/ASESORIA-1-300x163.jpg",300,163,true],"medium_large":["https:\/\/dreamcanacademy.com\/wp-content\/uploads\/2025\/02\/ASESORIA-1-768x418.jpg",768,418,true],"large":["https:\/\/dreamcanacademy.com\/wp-content\/uploads\/2025\/02\/ASESORIA-1-1024x558.jpg",1024,558,true],"1536x1536":["https:\/\/dreamcanacademy.com\/wp-content\/uploads\/2025\/02\/ASESORIA-1.jpg",1256,684,false],"2048x2048":["https:\/\/dreamcanacademy.com\/wp-content\/uploads\/2025\/02\/ASESORIA-1.jpg",1256,684,false],"trp-custom-language-flag":["https:\/\/dreamcanacademy.com\/wp-content\/uploads\/2025\/02\/ASESORIA-1-18x10.jpg",18,10,true],"woocommerce_thumbnail":["https:\/\/dreamcanacademy.com\/wp-content\/uploads\/2025\/02\/ASESORIA-1-300x163.jpg",300,163,true],"woocommerce_single":["https:\/\/dreamcanacademy.com\/wp-content\/uploads\/2025\/02\/ASESORIA-1-600x327.jpg",600,327,true],"woocommerce_gallery_thumbnail":["https:\/\/dreamcanacademy.com\/wp-content\/uploads\/2025\/02\/ASESORIA-1-100x100.jpg",100,100,true]},"uagb_author_info":{"display_name":"M\u00f2nica D\u00edaz Tr\u00edas","author_link":"https:\/\/dreamcanacademy.com\/en\/author\/"},"uagb_comment_info":0,"uagb_excerpt":"Asesor\u00edas individuales puntuales. La manera m\u00e1s eficaz de resolver las dudas concretas que puede tener una persona o grupo de personas, incluyendo la revisi\u00f3n y an\u00e1lisis de v\u00eddeos (enviados con antelaci\u00f3n).","_links":{"self":[{"href":"https:\/\/dreamcanacademy.com\/en\/wp-json\/wp\/v2\/product\/2196","targetHints":{"allow":["GET"]}}],"collection":[{"href":"https:\/\/dreamcanacademy.com\/en\/wp-json\/wp\/v2\/product"}],"about":[{"href":"https:\/\/dreamcanacademy.com\/en\/wp-json\/wp\/v2\/types\/product"}],"replies":[{"embeddable":true,"href":"https:\/\/dreamcanacademy.com\/en\/wp-json\/wp\/v2\/comments?post=2196"}],"wp:featuredmedia":[{"embeddable":true,"href":"https:\/\/dreamcanacademy.com\/en\/wp-json\/wp\/v2\/media\/1870"}],"wp:attachment":[{"href":"https:\/\/dreamcanacademy.com\/en\/wp-json\/wp\/v2\/media?parent=2196"}],"wp:term":[{"taxonomy":"product_brand","embeddable":true,"href":"https:\/\/dreamcanacademy.com\/en\/wp-json\/wp\/v2\/product_brand?post=2196"},{"taxonomy":"product_cat","embeddable":true,"href":"https:\/\/dreamcanacademy.com\/en\/wp-json\/wp\/v2\/product_cat?post=2196"},{"taxonomy":"product_tag","embeddable":true,"href":"https:\/\/dreamcanacademy.com\/en\/wp-json\/wp\/v2\/product_tag?post=2196"}],"curies":[{"name":"wp","href":"https:\/\/api.w.org\/{rel}","templated":true}]}}