{"id":2191,"date":"2025-02-18T18:04:17","date_gmt":"2025-02-18T18:04:17","guid":{"rendered":"https:\/\/dreamcanacademy.com\/?post_type=product&#038;p=2191"},"modified":"2025-04-24T08:40:45","modified_gmt":"2025-04-24T08:40:45","slug":"mantrailing-e-book","status":"publish","type":"product","link":"https:\/\/dreamcanacademy.com\/en\/product\/mantrailing-e-book\/","title":{"rendered":"MANTRAILING E-BOOK (En espa\u00f1ol)"},"content":{"rendered":"<p>Peque\u00f1o e-book gratuito con informaci\u00f3n divulgativa sobre mantrailing. Si has o\u00eddo hablar del mantrailing pero no sabes en qu\u00e9 consiste, en este peque\u00f1o e-book encontrar\u00e1s una breve explicaci\u00f3n. Tambi\u00e9n podr\u00e1s leer acerca de los principios b\u00e1sicos del M\u00e9todo Kocher.<\/p>\n<p>VERSI\u00d3N EN ESPA\u00d1OL<\/p>","protected":false},"excerpt":{"rendered":"<p>Peque\u00f1o e-book gratuito con informaci\u00f3n divulgativa sobre mantrailing. Si has o\u00eddo hablar del mantrailing pero no sabes en qu\u00e9 consiste, en este peque\u00f1o e-book encontrar\u00e1s una breve explicaci\u00f3n. Tambi\u00e9n podr\u00e1s leer acerca de los principios b\u00e1sicos del M\u00e9todo Kocher. VERSI\u00d3N EN ESPA\u00d1OL<\/p>","protected":false},"featured_media":2391,"comment_status":"open","ping_status":"closed","template":"","meta":{"_uag_custom_page_level_css":"","site-sidebar-layout":"default","site-content-layout":"","ast-site-content-layout":"default","site-content-style":"default","site-sidebar-style":"default","ast-global-header-display":"","ast-banner-title-visibility":"","ast-main-header-display":"","ast-hfb-above-header-display":"","ast-hfb-below-header-display":"","ast-hfb-mobile-header-display":"","site-post-title":"","ast-breadcrumbs-content":"","ast-featured-img":"","footer-sml-layout":"","ast-disable-related-posts":"","theme-transparent-header-meta":"default","adv-header-id-meta":"","stick-header-meta":"","header-above-stick-meta":"","header-main-stick-meta":"","header-below-stick-meta":"","astra-migrate-meta-layouts":"set","ast-page-background-enabled":"default","ast-page-background-meta":{"desktop":{"background-color":"var(--ast-global-color-4)","background-image":"","background-repeat":"repeat","background-position":"center center","background-size":"auto","background-attachment":"scroll","background-type":"","background-media":"","overlay-type":"","overlay-color":"","overlay-opacity":"","overlay-gradient":""},"tablet":{"background-color":"","background-image":"","background-repeat":"repeat","background-position":"center center","background-size":"auto","background-attachment":"scroll","background-type":"","background-media":"","overlay-type":"","overlay-color":"","overlay-opacity":"","overlay-gradient":""},"mobile":{"background-color":"","background-image":"","background-repeat":"repeat","background-position":"center center","background-size":"auto","background-attachment":"scroll","background-type":"","background-media":"","overlay-type":"","overlay-color":"","overlay-opacity":"","overlay-gradient":""}},"ast-content-background-meta":{"desktop":{"background-color":"var(--ast-global-color-5)","background-image":"","background-repeat":"repeat","background-position":"center center","background-size":"auto","background-attachment":"scroll","background-type":"","background-media":"","overlay-type":"","overlay-color":"","overlay-opacity":"","overlay-gradient":""},"tablet":{"background-color":"var(--ast-global-color-5)","background-image":"","background-repeat":"repeat","background-position":"center center","background-size":"auto","background-attachment":"scroll","background-type":"","background-media":"","overlay-type":"","overlay-color":"","overlay-opacity":"","overlay-gradient":""},"mobile":{"background-color":"var(--ast-global-color-5)","background-image":"","background-repeat":"repeat","background-position":"center center","background-size":"auto","background-attachment":"scroll","background-type":"","background-media":"","overlay-type":"","overlay-color":"","overlay-opacity":"","overlay-gradient":""}}},"product_brand":[],"product_cat":[52],"product_tag":[42],"class_list":{"0":"post-2191","1":"product","2":"type-product","3":"status-publish","4":"has-post-thumbnail","6":"product_cat-libros","7":"product_tag-e-book","8":"desktop-align-center","9":"tablet-align-left","10":"mobile-align-left","12":"first","13":"instock","14":"downloadable","15":"taxable","16":"shipping-taxable","17":"purchasable","18":"product-type-simple"},"uagb_featured_image_src":{"full":["https:\/\/dreamcanacademy.com\/wp-content\/uploads\/2025\/02\/EBOOK-1.jpg",1280,720,false],"thumbnail":["https:\/\/dreamcanacademy.com\/wp-content\/uploads\/2025\/02\/EBOOK-1-150x150.jpg",150,150,true],"medium":["https:\/\/dreamcanacademy.com\/wp-content\/uploads\/2025\/02\/EBOOK-1-300x169.jpg",300,169,true],"medium_large":["https:\/\/dreamcanacademy.com\/wp-content\/uploads\/2025\/02\/EBOOK-1-768x432.jpg",768,432,true],"large":["https:\/\/dreamcanacademy.com\/wp-content\/uploads\/2025\/02\/EBOOK-1-1024x576.jpg",1024,576,true],"1536x1536":["https:\/\/dreamcanacademy.com\/wp-content\/uploads\/2025\/02\/EBOOK-1.jpg",1280,720,false],"2048x2048":["https:\/\/dreamcanacademy.com\/wp-content\/uploads\/2025\/02\/EBOOK-1.jpg",1280,720,false],"trp-custom-language-flag":["https:\/\/dreamcanacademy.com\/wp-content\/uploads\/2025\/02\/EBOOK-1-18x10.jpg",18,10,true],"woocommerce_thumbnail":["https:\/\/dreamcanacademy.com\/wp-content\/uploads\/2025\/02\/EBOOK-1-300x169.jpg",300,169,true],"woocommerce_single":["https:\/\/dreamcanacademy.com\/wp-content\/uploads\/2025\/02\/EBOOK-1-600x338.jpg",600,338,true],"woocommerce_gallery_thumbnail":["https:\/\/dreamcanacademy.com\/wp-content\/uploads\/2025\/02\/EBOOK-1-100x100.jpg",100,100,true]},"uagb_author_info":{"display_name":"M\u00f2nica D\u00edaz Tr\u00edas","author_link":"https:\/\/dreamcanacademy.com\/en\/author\/"},"uagb_comment_info":0,"uagb_excerpt":"Peque\u00f1o e-book gratuito con informaci\u00f3n divulgativa sobre mantrailing. Si has o\u00eddo hablar del mantrailing pero no sabes en qu\u00e9 consiste, en este peque\u00f1o e-book encontrar\u00e1s una breve explicaci\u00f3n. Tambi\u00e9n podr\u00e1s leer acerca de los principios b\u00e1sicos del M\u00e9todo Kocher. VERSI\u00d3N EN ESPA\u00d1OL","_links":{"self":[{"href":"https:\/\/dreamcanacademy.com\/en\/wp-json\/wp\/v2\/product\/2191","targetHints":{"allow":["GET"]}}],"collection":[{"href":"https:\/\/dreamcanacademy.com\/en\/wp-json\/wp\/v2\/product"}],"about":[{"href":"https:\/\/dreamcanacademy.com\/en\/wp-json\/wp\/v2\/types\/product"}],"replies":[{"embeddable":true,"href":"https:\/\/dreamcanacademy.com\/en\/wp-json\/wp\/v2\/comments?post=2191"}],"wp:featuredmedia":[{"embeddable":true,"href":"https:\/\/dreamcanacademy.com\/en\/wp-json\/wp\/v2\/media\/2391"}],"wp:attachment":[{"href":"https:\/\/dreamcanacademy.com\/en\/wp-json\/wp\/v2\/media?parent=2191"}],"wp:term":[{"taxonomy":"product_brand","embeddable":true,"href":"https:\/\/dreamcanacademy.com\/en\/wp-json\/wp\/v2\/product_brand?post=2191"},{"taxonomy":"product_cat","embeddable":true,"href":"https:\/\/dreamcanacademy.com\/en\/wp-json\/wp\/v2\/product_cat?post=2191"},{"taxonomy":"product_tag","embeddable":true,"href":"https:\/\/dreamcanacademy.com\/en\/wp-json\/wp\/v2\/product_tag?post=2191"}],"curies":[{"name":"wp","href":"https:\/\/api.w.org\/{rel}","templated":true}]}}