{"id":1896,"date":"2025-02-12T10:56:19","date_gmt":"2025-02-12T10:56:19","guid":{"rendered":"https:\/\/dreamcanacademy.com\/?post_type=product&#038;p=1896"},"modified":"2026-03-03T10:41:53","modified_gmt":"2026-03-03T10:41:53","slug":"solos-ante-el-peligro-el-intensity-de-iniciacion","status":"publish","type":"product","link":"https:\/\/dreamcanacademy.com\/en\/product\/solos-ante-el-peligro-el-intensity-de-iniciacion\/","title":{"rendered":"PRIMEROS PASOS: EL INTENSITY DE INICIACI\u00d3N."},"content":{"rendered":"<p>El primer entrenamiento, el primer trail\u2026 \u00a1Que nervios! \u00bfD\u00f3nde lo hago? \u00bfPor d\u00f3nde empiezo? \u00bfQu\u00e9 le digo exactamente al figurante?<\/p>\n<p>Todos los inicios dan v\u00e9rtigo, especialmente cuando entrenas sin un instructor que te vaya guiando. Aunque hayas ido a un seminario, es posible que no te acuerdes de algunas cosas que quiz\u00e1s son importantes, peque\u00f1os detalles que no cre\u00edas que eran importantes&#8230; \u00a1y de repente si que lo son!<\/p>\n<p>Este webinar est\u00e1 dedicado precisamente a esto: a guiarte en tus primeros trails para que todo salga bien. Paso a paso, explicaciones del c\u00f3mo, el d\u00f3nde y el cu\u00e1ndo para que puedas tomar buena nota y lograr as\u00ed que todos tus trails sean un gran experiencia tanto pata ti como para tu perro.<\/p>","protected":false},"excerpt":{"rendered":"<p>Todos los inicios dan v\u00e9rtigo, especialmente cuando entrenas sin un instructor que te vaya guiando.<\/p>","protected":false},"featured_media":1856,"comment_status":"open","ping_status":"closed","template":"","meta":{"_uag_custom_page_level_css":"","site-sidebar-layout":"default","site-content-layout":"","ast-site-content-layout":"default","site-content-style":"default","site-sidebar-style":"default","ast-global-header-display":"","ast-banner-title-visibility":"","ast-main-header-display":"","ast-hfb-above-header-display":"","ast-hfb-below-header-display":"","ast-hfb-mobile-header-display":"","site-post-title":"","ast-breadcrumbs-content":"","ast-featured-img":"","footer-sml-layout":"","ast-disable-related-posts":"","theme-transparent-header-meta":"default","adv-header-id-meta":"","stick-header-meta":"","header-above-stick-meta":"","header-main-stick-meta":"","header-below-stick-meta":"","astra-migrate-meta-layouts":"set","ast-page-background-enabled":"default","ast-page-background-meta":{"desktop":{"background-color":"var(--ast-global-color-4)","background-image":"","background-repeat":"repeat","background-position":"center center","background-size":"auto","background-attachment":"scroll","background-type":"","background-media":"","overlay-type":"","overlay-color":"","overlay-opacity":"","overlay-gradient":""},"tablet":{"background-color":"","background-image":"","background-repeat":"repeat","background-position":"center center","background-size":"auto","background-attachment":"scroll","background-type":"","background-media":"","overlay-type":"","overlay-color":"","overlay-opacity":"","overlay-gradient":""},"mobile":{"background-color":"","background-image":"","background-repeat":"repeat","background-position":"center center","background-size":"auto","background-attachment":"scroll","background-type":"","background-media":"","overlay-type":"","overlay-color":"","overlay-opacity":"","overlay-gradient":""}},"ast-content-background-meta":{"desktop":{"background-color":"var(--ast-global-color-5)","background-image":"","background-repeat":"repeat","background-position":"center center","background-size":"auto","background-attachment":"scroll","background-type":"","background-media":"","overlay-type":"","overlay-color":"","overlay-opacity":"","overlay-gradient":""},"tablet":{"background-color":"var(--ast-global-color-5)","background-image":"","background-repeat":"repeat","background-position":"center center","background-size":"auto","background-attachment":"scroll","background-type":"","background-media":"","overlay-type":"","overlay-color":"","overlay-opacity":"","overlay-gradient":""},"mobile":{"background-color":"var(--ast-global-color-5)","background-image":"","background-repeat":"repeat","background-position":"center center","background-size":"auto","background-attachment":"scroll","background-type":"","background-media":"","overlay-type":"","overlay-color":"","overlay-opacity":"","overlay-gradient":""}}},"product_brand":[],"product_cat":[39],"product_tag":[],"class_list":{"0":"post-1896","1":"product","2":"type-product","3":"status-publish","4":"has-post-thumbnail","6":"product_cat-webinar","7":"desktop-align-center","8":"tablet-align-left","9":"mobile-align-left","11":"first","12":"instock","13":"virtual","14":"taxable","15":"purchasable","16":"product-type-simple"},"uagb_featured_image_src":{"full":["https:\/\/dreamcanacademy.com\/wp-content\/uploads\/2025\/01\/dreamcan-academy-webinar-portada-primeros-pasos-intensity-iniciacion.webp",1920,1080,false],"thumbnail":["https:\/\/dreamcanacademy.com\/wp-content\/uploads\/2025\/01\/dreamcan-academy-webinar-portada-primeros-pasos-intensity-iniciacion-150x150.webp",150,150,true],"medium":["https:\/\/dreamcanacademy.com\/wp-content\/uploads\/2025\/01\/dreamcan-academy-webinar-portada-primeros-pasos-intensity-iniciacion-300x169.webp",300,169,true],"medium_large":["https:\/\/dreamcanacademy.com\/wp-content\/uploads\/2025\/01\/dreamcan-academy-webinar-portada-primeros-pasos-intensity-iniciacion-768x432.webp",768,432,true],"large":["https:\/\/dreamcanacademy.com\/wp-content\/uploads\/2025\/01\/dreamcan-academy-webinar-portada-primeros-pasos-intensity-iniciacion-1024x576.webp",1024,576,true],"1536x1536":["https:\/\/dreamcanacademy.com\/wp-content\/uploads\/2025\/01\/dreamcan-academy-webinar-portada-primeros-pasos-intensity-iniciacion-1536x864.webp",1536,864,true],"2048x2048":["https:\/\/dreamcanacademy.com\/wp-content\/uploads\/2025\/01\/dreamcan-academy-webinar-portada-primeros-pasos-intensity-iniciacion.webp",1920,1080,false],"trp-custom-language-flag":["https:\/\/dreamcanacademy.com\/wp-content\/uploads\/2025\/01\/dreamcan-academy-webinar-portada-primeros-pasos-intensity-iniciacion-18x10.webp",18,10,true],"woocommerce_thumbnail":["https:\/\/dreamcanacademy.com\/wp-content\/uploads\/2025\/01\/dreamcan-academy-webinar-portada-primeros-pasos-intensity-iniciacion-300x169.webp",300,169,true],"woocommerce_single":["https:\/\/dreamcanacademy.com\/wp-content\/uploads\/2025\/01\/dreamcan-academy-webinar-portada-primeros-pasos-intensity-iniciacion-600x338.webp",600,338,true],"woocommerce_gallery_thumbnail":["https:\/\/dreamcanacademy.com\/wp-content\/uploads\/2025\/01\/dreamcan-academy-webinar-portada-primeros-pasos-intensity-iniciacion-100x100.webp",100,100,true]},"uagb_author_info":{"display_name":"M\u00f2nica D\u00edaz Tr\u00edas","author_link":"https:\/\/dreamcanacademy.com\/en\/author\/"},"uagb_comment_info":0,"uagb_excerpt":"Todos los inicios dan v\u00e9rtigo, especialmente cuando entrenas sin un instructor que te vaya guiando.","_links":{"self":[{"href":"https:\/\/dreamcanacademy.com\/en\/wp-json\/wp\/v2\/product\/1896","targetHints":{"allow":["GET"]}}],"collection":[{"href":"https:\/\/dreamcanacademy.com\/en\/wp-json\/wp\/v2\/product"}],"about":[{"href":"https:\/\/dreamcanacademy.com\/en\/wp-json\/wp\/v2\/types\/product"}],"replies":[{"embeddable":true,"href":"https:\/\/dreamcanacademy.com\/en\/wp-json\/wp\/v2\/comments?post=1896"}],"wp:featuredmedia":[{"embeddable":true,"href":"https:\/\/dreamcanacademy.com\/en\/wp-json\/wp\/v2\/media\/1856"}],"wp:attachment":[{"href":"https:\/\/dreamcanacademy.com\/en\/wp-json\/wp\/v2\/media?parent=1896"}],"wp:term":[{"taxonomy":"product_brand","embeddable":true,"href":"https:\/\/dreamcanacademy.com\/en\/wp-json\/wp\/v2\/product_brand?post=1896"},{"taxonomy":"product_cat","embeddable":true,"href":"https:\/\/dreamcanacademy.com\/en\/wp-json\/wp\/v2\/product_cat?post=1896"},{"taxonomy":"product_tag","embeddable":true,"href":"https:\/\/dreamcanacademy.com\/en\/wp-json\/wp\/v2\/product_tag?post=1896"}],"curies":[{"name":"wp","href":"https:\/\/api.w.org\/{rel}","templated":true}]}}