{"id":1797,"date":"2025-01-08T14:26:50","date_gmt":"2025-01-08T14:26:50","guid":{"rendered":"https:\/\/dreamcanacademy.com\/producto\/mantrailing-base-teorica-antes-de-empezar\/"},"modified":"2025-08-05T07:34:00","modified_gmt":"2025-08-05T07:34:00","slug":"mantrailing-base-teorica-antes-de-empezar","status":"publish","type":"product","link":"https:\/\/dreamcanacademy.com\/en\/product\/mantrailing-base-teorica-antes-de-empezar\/","title":{"rendered":"MANTRAILING. Base te\u00f3rica antes de empezar"},"content":{"rendered":"<p>Este webinar es la base previa imprescindible antes de empezar a practicar mantrailing, pues si no sabemos qu\u00e9 hacemos y por qu\u00e9, no podremos nunca realmente comprender el maravilloso y dif\u00edcil trabajo que hacen los perros de mantrailing.<\/p>\n<p>Explicamos qu\u00e9 es el olor, a qu\u00e9 olemos las personas y qu\u00e9 huelen exactamente los perros de mantrailing.\u00a0 Hablamos tambi\u00e9n de las tres principales modalidades de perros de b\u00fasqueda de personas y cu\u00e1les son las caracter\u00edsticas de cada uno de ellos, para as\u00ed comprender\u00a0 mejor c\u00f3mo hacen su trabajo. Ello nos llevar\u00e1 a explicar cu\u00e1l es objetivo de cada tipo de perro en un operativo real.<\/p>\n<p>Finalmente, tambi\u00e9n explicamos cu\u00e1les son los pilares b\u00e1sicos del M\u00e9todo Kocher de entrenamiento. Sin entrar en profundidad, repasaremos los aspectos principales en los que se basa esta metodolog\u00eda de entrenamiento.<\/p>\n<p>Entrenar con Intensities, trabajar por componentes, leer las indicaciones negativas&#8230; en este webinar explicamos estos y otros aspectos del M\u00e9todo Kocher que lo hacen \u00fanico.<\/p>","protected":false},"excerpt":{"rendered":"<p>Este webinar es la base previa imprescindible antes de empezar a practicar mantrailing, pues si no sabemos qu\u00e9 hacemos y por qu\u00e9, no podremos nunca realmente comprender el maravilloso y dif\u00edcil trabajo que hacen los perros de mantrailing.<\/p>","protected":false},"featured_media":1829,"comment_status":"open","ping_status":"closed","template":"","meta":{"_uag_custom_page_level_css":"","site-sidebar-layout":"default","site-content-layout":"","ast-site-content-layout":"default","site-content-style":"default","site-sidebar-style":"default","ast-global-header-display":"","ast-banner-title-visibility":"","ast-main-header-display":"","ast-hfb-above-header-display":"","ast-hfb-below-header-display":"","ast-hfb-mobile-header-display":"","site-post-title":"","ast-breadcrumbs-content":"","ast-featured-img":"","footer-sml-layout":"","ast-disable-related-posts":"","theme-transparent-header-meta":"default","adv-header-id-meta":"","stick-header-meta":"","header-above-stick-meta":"","header-main-stick-meta":"","header-below-stick-meta":"","astra-migrate-meta-layouts":"set","ast-page-background-enabled":"default","ast-page-background-meta":{"desktop":{"background-color":"var(--ast-global-color-4)","background-image":"","background-repeat":"repeat","background-position":"center center","background-size":"auto","background-attachment":"scroll","background-type":"","background-media":"","overlay-type":"","overlay-color":"","overlay-opacity":"","overlay-gradient":""},"tablet":{"background-color":"","background-image":"","background-repeat":"repeat","background-position":"center center","background-size":"auto","background-attachment":"scroll","background-type":"","background-media":"","overlay-type":"","overlay-color":"","overlay-opacity":"","overlay-gradient":""},"mobile":{"background-color":"","background-image":"","background-repeat":"repeat","background-position":"center center","background-size":"auto","background-attachment":"scroll","background-type":"","background-media":"","overlay-type":"","overlay-color":"","overlay-opacity":"","overlay-gradient":""}},"ast-content-background-meta":{"desktop":{"background-color":"var(--ast-global-color-5)","background-image":"","background-repeat":"repeat","background-position":"center center","background-size":"auto","background-attachment":"scroll","background-type":"","background-media":"","overlay-type":"","overlay-color":"","overlay-opacity":"","overlay-gradient":""},"tablet":{"background-color":"var(--ast-global-color-5)","background-image":"","background-repeat":"repeat","background-position":"center center","background-size":"auto","background-attachment":"scroll","background-type":"","background-media":"","overlay-type":"","overlay-color":"","overlay-opacity":"","overlay-gradient":""},"mobile":{"background-color":"var(--ast-global-color-5)","background-image":"","background-repeat":"repeat","background-position":"center center","background-size":"auto","background-attachment":"scroll","background-type":"","background-media":"","overlay-type":"","overlay-color":"","overlay-opacity":"","overlay-gradient":""}}},"product_brand":[],"product_cat":[35,39],"product_tag":[38],"class_list":{"0":"post-1797","1":"product","2":"type-product","3":"status-publish","4":"has-post-thumbnail","6":"product_cat-cursos","7":"product_cat-webinar","8":"product_tag-webinar","9":"desktop-align-center","10":"tablet-align-left","11":"mobile-align-left","13":"first","14":"instock","15":"sale","16":"sold-individually","17":"taxable","18":"shipping-taxable","19":"purchasable","20":"product-type-simple"},"uagb_featured_image_src":{"full":["https:\/\/dreamcanacademy.com\/wp-content\/uploads\/2025\/01\/Plantilla-portada-cursos-2.jpg",1920,1080,false],"thumbnail":["https:\/\/dreamcanacademy.com\/wp-content\/uploads\/2025\/01\/Plantilla-portada-cursos-2-150x150.jpg",150,150,true],"medium":["https:\/\/dreamcanacademy.com\/wp-content\/uploads\/2025\/01\/Plantilla-portada-cursos-2-300x169.jpg",300,169,true],"medium_large":["https:\/\/dreamcanacademy.com\/wp-content\/uploads\/2025\/01\/Plantilla-portada-cursos-2-768x432.jpg",768,432,true],"large":["https:\/\/dreamcanacademy.com\/wp-content\/uploads\/2025\/01\/Plantilla-portada-cursos-2-1024x576.jpg",1024,576,true],"1536x1536":["https:\/\/dreamcanacademy.com\/wp-content\/uploads\/2025\/01\/Plantilla-portada-cursos-2-1536x864.jpg",1536,864,true],"2048x2048":["https:\/\/dreamcanacademy.com\/wp-content\/uploads\/2025\/01\/Plantilla-portada-cursos-2.jpg",1920,1080,false],"trp-custom-language-flag":["https:\/\/dreamcanacademy.com\/wp-content\/uploads\/2025\/01\/Plantilla-portada-cursos-2-18x10.jpg",18,10,true],"woocommerce_thumbnail":["https:\/\/dreamcanacademy.com\/wp-content\/uploads\/2025\/01\/Plantilla-portada-cursos-2-300x169.jpg",300,169,true],"woocommerce_single":["https:\/\/dreamcanacademy.com\/wp-content\/uploads\/2025\/01\/Plantilla-portada-cursos-2-600x338.jpg",600,338,true],"woocommerce_gallery_thumbnail":["https:\/\/dreamcanacademy.com\/wp-content\/uploads\/2025\/01\/Plantilla-portada-cursos-2-100x100.jpg",100,100,true]},"uagb_author_info":{"display_name":"M\u00f2nica D\u00edaz Tr\u00edas","author_link":"https:\/\/dreamcanacademy.com\/en\/author\/"},"uagb_comment_info":0,"uagb_excerpt":"Este webinar es la base previa imprescindible antes de empezar a practicar mantrailing, pues si no sabemos qu\u00e9 hacemos y por qu\u00e9, no podremos nunca realmente comprender el maravilloso y dif\u00edcil trabajo que hacen los perros de mantrailing.","_links":{"self":[{"href":"https:\/\/dreamcanacademy.com\/en\/wp-json\/wp\/v2\/product\/1797","targetHints":{"allow":["GET"]}}],"collection":[{"href":"https:\/\/dreamcanacademy.com\/en\/wp-json\/wp\/v2\/product"}],"about":[{"href":"https:\/\/dreamcanacademy.com\/en\/wp-json\/wp\/v2\/types\/product"}],"replies":[{"embeddable":true,"href":"https:\/\/dreamcanacademy.com\/en\/wp-json\/wp\/v2\/comments?post=1797"}],"wp:featuredmedia":[{"embeddable":true,"href":"https:\/\/dreamcanacademy.com\/en\/wp-json\/wp\/v2\/media\/1829"}],"wp:attachment":[{"href":"https:\/\/dreamcanacademy.com\/en\/wp-json\/wp\/v2\/media?parent=1797"}],"wp:term":[{"taxonomy":"product_brand","embeddable":true,"href":"https:\/\/dreamcanacademy.com\/en\/wp-json\/wp\/v2\/product_brand?post=1797"},{"taxonomy":"product_cat","embeddable":true,"href":"https:\/\/dreamcanacademy.com\/en\/wp-json\/wp\/v2\/product_cat?post=1797"},{"taxonomy":"product_tag","embeddable":true,"href":"https:\/\/dreamcanacademy.com\/en\/wp-json\/wp\/v2\/product_tag?post=1797"}],"curies":[{"name":"wp","href":"https:\/\/api.w.org\/{rel}","templated":true}]}}